{"id":499,"date":"2023-05-29T02:46:23","date_gmt":"2023-05-29T02:46:23","guid":{"rendered":"https:\/\/vol-umes.com\/index.php\/product\/album-3\/"},"modified":"2023-10-11T02:41:51","modified_gmt":"2023-10-11T02:41:51","slug":"album-3","status":"publish","type":"product","link":"https:\/\/vol-umes.com\/index.php\/product\/album-3\/","title":{"rendered":"Web Page Design Negocios #1"},"content":{"rendered":"<p><strong>Incluye:<\/strong><\/p>\n<ul>\n<li>Dise\u00f1o M\u00f3vil y web adaptable .<\/li>\n<li>Redacci\u00f3n de pol\u00edticas y t\u00e9rminos .<\/li>\n<li>Incluye subir 10 art\u00edculos o servicios (precio, descripci\u00f3n etc.)<\/li>\n<li>Hosting y Dominio web integrado por un a\u00f1o.<\/li>\n<li>Enlaces a tus redes sociales.(Facebook , Instagram, Youtube.. etc).<\/li>\n<li>Configuraci\u00f3n de env\u00edos (usps).<\/li>\n<li>Configuraci\u00f3n de pagos (tarjeta cr\u00e9dito o debito, apple pay, paypal).<\/li>\n<li>Asesoria de manejo de tu pagina web (training).<\/li>\n<li>Anuncio o suscripci\u00f3n pop up de tu website.<\/li>\n<li>recibos de confirmaci\u00f3n email de orden personalizado ajustado a tu marca.<\/li>\n<li>Garant\u00eda y modificaciones por 30 dias.<\/li>\n<\/ul>\n","protected":false},"excerpt":{"rendered":"<p>Dise\u00f1o gr\u00e1fico personalizado (banners)<br \/>\nPagina y secci\u00f3n de Inicio, nosotros, servicios y contacto<\/p>\n<p>&nbsp;<\/p>\n","protected":false},"featured_media":607,"comment_status":"closed","ping_status":"closed","template":"","meta":{"om_disable_all_campaigns":false,"_monsterinsights_skip_tracking":false,"_monsterinsights_sitenote_active":false,"_monsterinsights_sitenote_note":"","_monsterinsights_sitenote_category":0,"neve_meta_sidebar":"","neve_meta_container":"","neve_meta_enable_content_width":"off","neve_meta_content_width":100,"neve_meta_title_alignment":"","neve_meta_author_avatar":"","neve_post_elements_order":"","neve_meta_disable_header":"","neve_meta_disable_footer":"","neve_meta_disable_title":""},"product_brand":[],"product_cat":[25],"product_tag":[],"class_list":{"0":"post-499","1":"product","2":"type-product","3":"status-publish","4":"has-post-thumbnail","6":"product_cat-website","8":"first","9":"instock","10":"sale","11":"virtual","12":"taxable","13":"purchasable","14":"product-type-simple"},"aioseo_notices":[],"jetpack_sharing_enabled":true,"_links":{"self":[{"href":"https:\/\/vol-umes.com\/index.php\/wp-json\/wp\/v2\/product\/499","targetHints":{"allow":["GET"]}}],"collection":[{"href":"https:\/\/vol-umes.com\/index.php\/wp-json\/wp\/v2\/product"}],"about":[{"href":"https:\/\/vol-umes.com\/index.php\/wp-json\/wp\/v2\/types\/product"}],"replies":[{"embeddable":true,"href":"https:\/\/vol-umes.com\/index.php\/wp-json\/wp\/v2\/comments?post=499"}],"wp:featuredmedia":[{"embeddable":true,"href":"https:\/\/vol-umes.com\/index.php\/wp-json\/wp\/v2\/media\/607"}],"wp:attachment":[{"href":"https:\/\/vol-umes.com\/index.php\/wp-json\/wp\/v2\/media?parent=499"}],"wp:term":[{"taxonomy":"product_brand","embeddable":true,"href":"https:\/\/vol-umes.com\/index.php\/wp-json\/wp\/v2\/product_brand?post=499"},{"taxonomy":"product_cat","embeddable":true,"href":"https:\/\/vol-umes.com\/index.php\/wp-json\/wp\/v2\/product_cat?post=499"},{"taxonomy":"product_tag","embeddable":true,"href":"https:\/\/vol-umes.com\/index.php\/wp-json\/wp\/v2\/product_tag?post=499"}],"curies":[{"name":"wp","href":"https:\/\/api.w.org\/{rel}","templated":true}]}}